{"id":15958,"date":"2024-09-18T19:55:01","date_gmt":"2024-09-18T19:55:01","guid":{"rendered":"https:\/\/themes.pixelwars.org\/secura\/demo-01\/?page_id=15958"},"modified":"2026-04-03T10:14:47","modified_gmt":"2026-04-03T10:14:47","slug":"apropos","status":"publish","type":"page","link":"https:\/\/internationalglobalsecurity.fr\/index.php\/apropos\/","title":{"rendered":"\u00c0 propos"},"content":{"rendered":"\t\t<div data-elementor-type=\"wp-page\" data-elementor-id=\"15958\" class=\"elementor elementor-15958\">\n\t\t\t\t<div class=\"elementor-element elementor-element-13b56e75 e-flex e-con-boxed e-con e-parent\" data-id=\"13b56e75\" data-element_type=\"container\" data-e-type=\"container\" data-settings=\"{&quot;background_background&quot;:&quot;classic&quot;}\">\n\t\t\t\t\t<div class=\"e-con-inner\">\n\t\t<div class=\"elementor-element elementor-element-7d7b3cfa e-flex e-con-boxed e-con e-child\" data-id=\"7d7b3cfa\" data-element_type=\"container\" data-e-type=\"container\" data-settings=\"{&quot;background_background&quot;:&quot;classic&quot;}\">\n\t\t\t\t\t<div class=\"e-con-inner\">\n\t\t\t\t<div class=\"elementor-element elementor-element-55eba8f0 elementor-invisible elementor-widget elementor-widget-qi_addons_for_elementor_animated_text\" data-id=\"55eba8f0\" data-element_type=\"widget\" data-e-type=\"widget\" data-settings=\"{&quot;_animation&quot;:&quot;fadeIn&quot;}\" data-widget_type=\"qi_addons_for_elementor_animated_text.default\">\n\t\t\t\t<div class=\"elementor-widget-container\">\n\t\t\t\t\t<div class=\"qodef-shortcode qodef-m qodef-qi-animated-text qodef--animated-by-letter qodef--alignment-center qodef-qi--has-appear qodef--appear-from-top\" >\n\t\t<h1 class=\"qodef-m-title\">\n\t\t<span class=\"qodef-e-word-holder\">\u00c0<\/span> <span class=\"qodef-e-word-holder\">PROPOS<\/span>\t<\/h1>\n<\/div>\n\t\t\t\t<\/div>\n\t\t\t\t<\/div>\n\t\t\t\t\t<\/div>\n\t\t\t\t<\/div>\n\t\t\t\t\t<\/div>\n\t\t\t\t<\/div>\n\t\t<div class=\"elementor-element elementor-element-2cd45cd1 e-con-full e-flex e-con e-parent\" data-id=\"2cd45cd1\" data-element_type=\"container\" data-e-type=\"container\" data-settings=\"{&quot;background_background&quot;:&quot;classic&quot;}\">\n\t\t<div class=\"elementor-element elementor-element-4eaf1f9c e-flex e-con-boxed e-con e-child\" data-id=\"4eaf1f9c\" data-element_type=\"container\" data-e-type=\"container\">\n\t\t\t\t\t<div class=\"e-con-inner\">\n\t\t<div class=\"elementor-element elementor-element-2fd25b56 e-con-full e-flex e-con e-child\" data-id=\"2fd25b56\" data-element_type=\"container\" data-e-type=\"container\">\n\t\t<div class=\"elementor-element elementor-element-359f7563 e-con-full e-flex e-con e-child\" data-id=\"359f7563\" data-element_type=\"container\" data-e-type=\"container\">\n\t\t\t\t<div class=\"elementor-element elementor-element-81f9551 elementor-widget elementor-widget-image\" data-id=\"81f9551\" data-element_type=\"widget\" data-e-type=\"widget\" data-widget_type=\"image.default\">\n\t\t\t\t\t\t\t\t\t\t\t\t\t\t\t<img decoding=\"async\" src=\"https:\/\/internationalglobalsecurity.fr\/wp-content\/uploads\/elementor\/thumbs\/Capture-decran-2026-03-18-a-16.39.50-rkp30gspo8q800vdzrw8xtzz0xvpox7e7m0bdp0wgo.png\" title=\"Capture d\u2019e\u0301cran 2026-03-18 a\u0300 16.39.50\" alt=\"Capture d\u2019e\u0301cran 2026-03-18 a\u0300 16.39.50\" loading=\"lazy\" \/>\t\t\t\t\t\t\t\t\t\t\t\t\t\t\t<\/div>\n\t\t\t\t<\/div>\n\t\t<div class=\"elementor-element elementor-element-5bd924d5 e-con-full e-flex e-con e-child\" data-id=\"5bd924d5\" data-element_type=\"container\" data-e-type=\"container\" data-settings=\"{&quot;background_background&quot;:&quot;classic&quot;}\">\n\t\t\t\t<div class=\"elementor-element elementor-element-5e8e2d83 animated-slow e-transform e-transform e-transform elementor-widget elementor-widget-qi_addons_for_elementor_tabs_horizontal\" data-id=\"5e8e2d83\" data-element_type=\"widget\" data-e-type=\"widget\" data-settings=\"{&quot;_animation&quot;:&quot;none&quot;,&quot;_transform_translateX_effect&quot;:{&quot;unit&quot;:&quot;px&quot;,&quot;size&quot;:&quot;&quot;,&quot;sizes&quot;:[]},&quot;_transform_translateX_effect_tablet&quot;:{&quot;unit&quot;:&quot;px&quot;,&quot;size&quot;:&quot;&quot;,&quot;sizes&quot;:[]},&quot;_transform_translateX_effect_mobile&quot;:{&quot;unit&quot;:&quot;px&quot;,&quot;size&quot;:&quot;&quot;,&quot;sizes&quot;:[]},&quot;_transform_translateY_effect&quot;:{&quot;unit&quot;:&quot;px&quot;,&quot;size&quot;:&quot;&quot;,&quot;sizes&quot;:[]},&quot;_transform_translateY_effect_tablet&quot;:{&quot;unit&quot;:&quot;px&quot;,&quot;size&quot;:&quot;&quot;,&quot;sizes&quot;:[]},&quot;_transform_translateY_effect_mobile&quot;:{&quot;unit&quot;:&quot;px&quot;,&quot;size&quot;:&quot;&quot;,&quot;sizes&quot;:[]},&quot;_transform_scale_effect&quot;:{&quot;unit&quot;:&quot;px&quot;,&quot;size&quot;:&quot;&quot;,&quot;sizes&quot;:[]},&quot;_transform_scale_effect_tablet&quot;:{&quot;unit&quot;:&quot;px&quot;,&quot;size&quot;:&quot;&quot;,&quot;sizes&quot;:[]},&quot;_transform_scale_effect_mobile&quot;:{&quot;unit&quot;:&quot;px&quot;,&quot;size&quot;:&quot;&quot;,&quot;sizes&quot;:[]},&quot;_transform_skewX_effect&quot;:{&quot;unit&quot;:&quot;px&quot;,&quot;size&quot;:&quot;&quot;,&quot;sizes&quot;:[]},&quot;_transform_skewX_effect_tablet&quot;:{&quot;unit&quot;:&quot;deg&quot;,&quot;size&quot;:&quot;&quot;,&quot;sizes&quot;:[]},&quot;_transform_skewX_effect_mobile&quot;:{&quot;unit&quot;:&quot;deg&quot;,&quot;size&quot;:&quot;&quot;,&quot;sizes&quot;:[]},&quot;_transform_skewY_effect&quot;:{&quot;unit&quot;:&quot;px&quot;,&quot;size&quot;:&quot;&quot;,&quot;sizes&quot;:[]},&quot;_transform_skewY_effect_tablet&quot;:{&quot;unit&quot;:&quot;deg&quot;,&quot;size&quot;:&quot;&quot;,&quot;sizes&quot;:[]},&quot;_transform_skewY_effect_mobile&quot;:{&quot;unit&quot;:&quot;deg&quot;,&quot;size&quot;:&quot;&quot;,&quot;sizes&quot;:[]}}\" data-widget_type=\"qi_addons_for_elementor_tabs_horizontal.default\">\n\t\t\t\t<div class=\"elementor-widget-container\">\n\t\t\t\t\t<div class=\"qodef-shortcode qodef-m qodef-qi-tabs-horizontal qodef-qi-clear qodef-layout--simple qodef-title-hover--underline-draw qodef-title-underline-from-left\">\n\t<ul class=\"qodef-tabs-horizontal-navigation\">\n\t\t<li>\n\t<h3 class=\"qodef-tab-title\" role=\"tab\">\n\t\t<a href=\"#qodef-tab-0927390\">\n\t\t\t<span class=\"q-text\">\n\t\t\t\tMission\t\t\t<\/span>\n\t\t<\/a>\n\t<\/h3>\n<\/li>\n<li>\n\t<h3 class=\"qodef-tab-title\" role=\"tab\">\n\t\t<a href=\"#qodef-tab-b0d90cc\">\n\t\t\t<span class=\"q-text\">\n\t\t\t\tVision\t\t\t<\/span>\n\t\t<\/a>\n\t<\/h3>\n<\/li>\n\t<\/ul>\n\t<div class=\"qodef-tabs-horizontal-content\" id=\"qodef-tab-0927390\">\n\t<p style=\"text-align: justify\">La mission de International Global Security est d\u2019offrir des services de s\u00e9curit\u00e9 fiables et adapt\u00e9s aux exigences de chaque client. Nous accompagnons particuliers, professionnels et commerces en mettant en place des dispositifs de protection sur mesure, con\u00e7us pour r\u00e9pondre aux sp\u00e9cificit\u00e9s de chaque situation. Gr\u00e2ce \u00e0 des agents qualifi\u00e9s, une pr\u00e9paration rigoureuse et une vigilance constante, nous veillons \u00e0 garantir la s\u00e9curit\u00e9 des personnes, des biens et des lieux, tout en respectant une discr\u00e9tion absolue. Notre engagement est de permettre \u00e0 nos clients d\u2019\u00e9voluer dans leur quotidien, ou leurs \u00e9v\u00e9nements en toute tranquillit\u00e9.<\/p><\/div>\n<div class=\"qodef-tabs-horizontal-content\" id=\"qodef-tab-b0d90cc\">\n\t<p style=\"text-align: justify\">La vision de International Global Security est de proposer une approche de la s\u00e9curit\u00e9 qui allie professionnalisme, anticipation et sens du service. Nous croyons qu\u2019une protection efficace ne repose pas uniquement sur la r\u00e9action face aux risques, mais \u00e9galement sur l\u2019analyse, la pr\u00e9vention et l\u2019adaptation permanente aux nouveaux enjeux de s\u00e9curit\u00e9. Notre ambition est de devenir une r\u00e9f\u00e9rence dans le domaine de la s\u00e9curit\u00e9 priv\u00e9e haut de gamme, en d\u00e9veloppant des solutions modernes et personnalis\u00e9es, capables de r\u00e9pondre aux attentes des environnements les plus exigeants, en France comme \u00e0 l\u2019international.<\/p><\/div>\n<\/div>\n\t\t\t\t<\/div>\n\t\t\t\t<\/div>\n\t\t\t\t<\/div>\n\t\t\t\t<\/div>\n\t\t\t\t\t<\/div>\n\t\t\t\t<\/div>\n\t\t\t\t<\/div>\n\t\t<div class=\"elementor-element elementor-element-3ccaad19 e-flex e-con-boxed e-con e-parent\" data-id=\"3ccaad19\" data-element_type=\"container\" data-e-type=\"container\" data-settings=\"{&quot;background_background&quot;:&quot;classic&quot;}\">\n\t\t\t\t\t<div class=\"e-con-inner\">\n\t\t<div class=\"elementor-element elementor-element-268a57d6 e-flex e-con-boxed e-con e-child\" data-id=\"268a57d6\" data-element_type=\"container\" data-e-type=\"container\">\n\t\t\t\t\t<div class=\"e-con-inner\">\n\t\t\t\t<div class=\"elementor-element elementor-element-1dffcb48 elementor-invisible elementor-widget elementor-widget-qi_addons_for_elementor_animated_text\" data-id=\"1dffcb48\" data-element_type=\"widget\" data-e-type=\"widget\" data-settings=\"{&quot;_animation&quot;:&quot;fadeIn&quot;}\" data-widget_type=\"qi_addons_for_elementor_animated_text.default\">\n\t\t\t\t<div class=\"elementor-widget-container\">\n\t\t\t\t\t<div class=\"qodef-shortcode qodef-m qodef-qi-animated-text qodef--animated-by-word qodef--alignment-center qodef-qi--has-appear qodef--appear-from-right\" >\n\t\t<h1 class=\"qodef-m-title\">\n\t\t<span class=\"qodef-e-word\">Motiv\u00e9<\/span> <span class=\"qodef-e-word\">par<\/span> <span class=\"qodef-e-word\">la<\/span> <span class=\"qodef-e-word\">s\u00e9curit\u00e9,<\/span> <span class=\"qodef-e-word\">inspir\u00e9<\/span> <span class=\"qodef-e-word\">par<\/span> <span class=\"qodef-e-word\">l'innovation<\/span>\t<\/h1>\n<\/div>\n\t\t\t\t<\/div>\n\t\t\t\t<\/div>\n\t\t\t\t\t<\/div>\n\t\t\t\t<\/div>\n\t\t\t\t\t<\/div>\n\t\t\t\t<\/div>\n\t\t<div class=\"elementor-element elementor-element-72360337 e-flex e-con-boxed e-con e-parent\" data-id=\"72360337\" data-element_type=\"container\" data-e-type=\"container\" data-settings=\"{&quot;background_background&quot;:&quot;classic&quot;}\">\n\t\t\t\t\t<div class=\"e-con-inner\">\n\t\t<div class=\"elementor-element elementor-element-6f769fc8 e-con-full e-flex e-con e-child\" data-id=\"6f769fc8\" data-element_type=\"container\" data-e-type=\"container\">\n\t\t\t\t<div class=\"elementor-element elementor-element-6f60132b elementor-widget elementor-widget-image\" data-id=\"6f60132b\" data-element_type=\"widget\" data-e-type=\"widget\" data-widget_type=\"image.default\">\n\t\t\t\t\t\t\t\t\t\t\t\t\t\t\t<img decoding=\"async\" src=\"https:\/\/internationalglobalsecurity.fr\/wp-content\/uploads\/elementor\/thumbs\/Capture-decran-2026-03-10-a-14.27.52-rkazmm6x905mwt1dq9dtl5nfpzxj0r1o81p0wfze54.png\" title=\"Capture d\u2019\u00e9cran 2026-03-10 \u00e0 14.27.52\" alt=\"Capture d\u2019\u00e9cran 2026-03-10 \u00e0 14.27.52\" loading=\"lazy\" \/>\t\t\t\t\t\t\t\t\t\t\t\t\t\t\t<\/div>\n\t\t\t\t<\/div>\n\t\t<div class=\"elementor-element elementor-element-75e24f9d e-con-full e-flex e-con e-child\" data-id=\"75e24f9d\" data-element_type=\"container\" data-e-type=\"container\">\n\t\t\t\t<div class=\"elementor-element elementor-element-3dfac3fc elementor-invisible elementor-widget elementor-widget-qi_addons_for_elementor_animated_text\" data-id=\"3dfac3fc\" data-element_type=\"widget\" data-e-type=\"widget\" data-settings=\"{&quot;_animation&quot;:&quot;fadeIn&quot;}\" data-widget_type=\"qi_addons_for_elementor_animated_text.default\">\n\t\t\t\t<div class=\"elementor-widget-container\">\n\t\t\t\t\t<div class=\"qodef-shortcode qodef-m qodef-qi-animated-text qodef--animated-by-word qodef--alignment-center qodef-qi--has-appear qodef--appear-from-right\" >\n\t\t<h1 class=\"qodef-m-title\">\n\t\t<span class=\"qodef-e-word\">Motiv\u00e9<\/span> <span class=\"qodef-e-word\">par<\/span> <span class=\"qodef-e-word\">la<\/span> <span class=\"qodef-e-word\">s\u00e9curit\u00e9<\/span>\t<\/h1>\n<\/div>\n\t\t\t\t<\/div>\n\t\t\t\t<\/div>\n\t\t\t\t<div class=\"elementor-element elementor-element-75b007c0 elementor-widget elementor-widget-text-editor\" data-id=\"75b007c0\" data-element_type=\"widget\" data-e-type=\"widget\" data-settings=\"{&quot;_animation&quot;:&quot;none&quot;}\" data-widget_type=\"text-editor.default\">\n\t\t\t\t\t\t\t\t\t<p>Chez <span class=\"hover:entity-accent entity-underline inline cursor-pointer align-baseline\"><span class=\"whitespace-normal\">International Global Security<\/span><\/span>, la s\u00e9curit\u00e9 est bien plus qu\u2019une prestation : c\u2019est un engagement quotidien envers nos clients. Chaque mission est abord\u00e9e avec s\u00e9rieux, rigueur et sens des responsabilit\u00e9s afin de garantir un environnement s\u00fbr et ma\u00eetris\u00e9. Nous attachons une importance particuli\u00e8re \u00e0 la confiance que nous accordent les personnes que nous accompagnons, qu\u2019il s\u2019agisse de particuliers, de professionnels ou d\u2019organisateurs d\u2019\u00e9v\u00e9nements. Cette relation de confiance se construit gr\u00e2ce \u00e0 une pr\u00e9sence professionnelle, une \u00e9coute attentive des besoins et une capacit\u00e9 \u00e0 s\u2019adapter aux exigences de chaque situation. Notre motivation repose sur la volont\u00e9 d\u2019offrir un service fiable, discret et efficace, permettant \u00e0 nos clients d\u2019\u00e9voluer librement et sereinement dans leur quotidien.<\/p>\t\t\t\t\t\t\t\t<\/div>\n\t\t\t\t<\/div>\n\t\t\t\t\t<\/div>\n\t\t\t\t<\/div>\n\t\t<div class=\"elementor-element elementor-element-7b0f073 e-flex e-con-boxed e-con e-parent\" data-id=\"7b0f073\" data-element_type=\"container\" data-e-type=\"container\" data-settings=\"{&quot;background_background&quot;:&quot;classic&quot;}\">\n\t\t\t\t\t<div class=\"e-con-inner\">\n\t\t<div class=\"elementor-element elementor-element-3bd56b8a e-con-full e-flex e-con e-child\" data-id=\"3bd56b8a\" data-element_type=\"container\" data-e-type=\"container\">\n\t\t\t\t<div class=\"elementor-element elementor-element-574fb2e1 elementor-invisible elementor-widget elementor-widget-qi_addons_for_elementor_animated_text\" data-id=\"574fb2e1\" data-element_type=\"widget\" data-e-type=\"widget\" data-settings=\"{&quot;_animation&quot;:&quot;fadeIn&quot;}\" data-widget_type=\"qi_addons_for_elementor_animated_text.default\">\n\t\t\t\t<div class=\"elementor-widget-container\">\n\t\t\t\t\t<div class=\"qodef-shortcode qodef-m qodef-qi-animated-text qodef--animated-by-word qodef--alignment-center qodef-qi--has-appear qodef--appear-from-right\" >\n\t\t<h1 class=\"qodef-m-title\">\n\t\t<span class=\"qodef-e-word\">Inspir\u00e9<\/span> <span class=\"qodef-e-word\">par<\/span> <span class=\"qodef-e-word\">l\u2019innovation<\/span>\t<\/h1>\n<\/div>\n\t\t\t\t<\/div>\n\t\t\t\t<\/div>\n\t\t\t\t<div class=\"elementor-element elementor-element-62ca003f elementor-widget elementor-widget-text-editor\" data-id=\"62ca003f\" data-element_type=\"widget\" data-e-type=\"widget\" data-settings=\"{&quot;_animation&quot;:&quot;none&quot;}\" data-widget_type=\"text-editor.default\">\n\t\t\t\t\t\t\t\t\t<p>Dans un secteur o\u00f9 les enjeux \u00e9voluent constamment, l\u2019innovation constitue un moteur essentiel pour am\u00e9liorer la qualit\u00e9 et la pertinence des services de s\u00e9curit\u00e9. <span class=\"hover:entity-accent entity-underline inline cursor-pointer align-baseline\"><span class=\"whitespace-normal\">International Global Security<\/span><\/span> adopte une approche moderne qui repose sur l\u2019analyse, l\u2019anticipation et l\u2019am\u00e9lioration continue de ses m\u00e9thodes de travail. Nous cherchons en permanence \u00e0 optimiser nos dispositifs en int\u00e9grant de nouvelles pratiques, des outils performants et une r\u00e9flexion strat\u00e9gique sur la gestion des risques. Cette capacit\u00e9 d\u2019adaptation nous permet de r\u00e9pondre aux attentes d\u2019une client\u00e8le exigeante et d\u2019intervenir efficacement dans des environnements vari\u00e9s, parfois complexes. En combinant exp\u00e9rience du terrain et vision tourn\u00e9e vers l\u2019avenir, nous d\u00e9veloppons des solutions de s\u00e9curit\u00e9 modernes, capables de s\u2019inscrire durablement dans les standards les plus \u00e9lev\u00e9s du secteur.<\/p>\t\t\t\t\t\t\t\t<\/div>\n\t\t\t\t<\/div>\n\t\t<div class=\"elementor-element elementor-element-7780d127 e-con-full e-flex e-con e-child\" data-id=\"7780d127\" data-element_type=\"container\" data-e-type=\"container\">\n\t\t\t\t<div class=\"elementor-element elementor-element-67737567 elementor-widget elementor-widget-image\" data-id=\"67737567\" data-element_type=\"widget\" data-e-type=\"widget\" data-widget_type=\"image.default\">\n\t\t\t\t\t\t\t\t\t\t\t\t\t\t\t<img decoding=\"async\" src=\"https:\/\/internationalglobalsecurity.fr\/wp-content\/uploads\/elementor\/thumbs\/Capture-decran-2026-03-10-a-14.27.31-rkazm59ttzih3tpyh22jc9x5128x676i5pya9goh94.png\" title=\"Capture d\u2019\u00e9cran 2026-03-10 \u00e0 14.27.31\" alt=\"Capture d\u2019\u00e9cran 2026-03-10 \u00e0 14.27.31\" loading=\"lazy\" \/>\t\t\t\t\t\t\t\t\t\t\t\t\t\t\t<\/div>\n\t\t\t\t<\/div>\n\t\t\t\t\t<\/div>\n\t\t\t\t<\/div>\n\t\t\t\t<section class=\"elementor-section elementor-top-section elementor-element elementor-element-bef8d1b elementor-section-boxed elementor-section-height-default elementor-section-height-default\" data-id=\"bef8d1b\" data-element_type=\"section\" data-e-type=\"section\" data-settings=\"{&quot;background_background&quot;:&quot;classic&quot;}\">\n\t\t\t\t\t\t<div class=\"elementor-container elementor-column-gap-default\">\n\t\t\t\t\t<div class=\"elementor-column elementor-col-100 elementor-top-column elementor-element elementor-element-2360f89\" data-id=\"2360f89\" data-element_type=\"column\" data-e-type=\"column\">\n\t\t\t<div class=\"elementor-widget-wrap elementor-element-populated\">\n\t\t\t\t\t\t<section class=\"elementor-section elementor-inner-section elementor-element elementor-element-d120429 elementor-section-boxed elementor-section-height-default elementor-section-height-default\" data-id=\"d120429\" data-element_type=\"section\" data-e-type=\"section\">\n\t\t\t\t\t\t<div class=\"elementor-container elementor-column-gap-default\">\n\t\t\t\t\t<div class=\"elementor-column elementor-col-33 elementor-inner-column elementor-element elementor-element-e893343\" data-id=\"e893343\" data-element_type=\"column\" data-e-type=\"column\">\n\t\t\t<div class=\"elementor-widget-wrap\">\n\t\t\t\t\t\t\t<\/div>\n\t\t<\/div>\n\t\t\t\t<div class=\"elementor-column elementor-col-33 elementor-inner-column elementor-element elementor-element-f89c6b1\" data-id=\"f89c6b1\" data-element_type=\"column\" data-e-type=\"column\">\n\t\t\t<div class=\"elementor-widget-wrap elementor-element-populated\">\n\t\t\t\t\t\t<div class=\"elementor-element elementor-element-ec35a31 elementor-invisible elementor-widget elementor-widget-qi_addons_for_elementor_animated_text\" data-id=\"ec35a31\" data-element_type=\"widget\" data-e-type=\"widget\" data-settings=\"{&quot;_animation&quot;:&quot;fadeIn&quot;}\" data-widget_type=\"qi_addons_for_elementor_animated_text.default\">\n\t\t\t\t<div class=\"elementor-widget-container\">\n\t\t\t\t\t<div class=\"qodef-shortcode qodef-m qodef-qi-animated-text qodef--animated-by-letter qodef--alignment-left qodef-qi--has-appear qodef--appear-fade\" >\n\t\t<h1 class=\"qodef-m-title\">\n\t\t<span class=\"qodef-e-word-holder\">Contactez-nous<\/span>\t<\/h1>\n<\/div>\n\t\t\t\t<\/div>\n\t\t\t\t<\/div>\n\t\t\t\t<div class=\"elementor-element elementor-element-5e10b09 -text-faded elementor-widget elementor-widget-heading\" data-id=\"5e10b09\" data-element_type=\"widget\" data-e-type=\"widget\" data-widget_type=\"heading.default\">\n\t\t\t\t\t<h3 class=\"elementor-heading-title elementor-size-default\">N'h\u00e9sitez pas \u00e0 nous contacter pour toute demande d'information suppl\u00e9mentaire.<\/h3>\t\t\t\t<\/div>\n\t\t\t\t\t<\/div>\n\t\t<\/div>\n\t\t\t\t<div class=\"elementor-column elementor-col-33 elementor-inner-column elementor-element elementor-element-3b04391\" data-id=\"3b04391\" data-element_type=\"column\" data-e-type=\"column\">\n\t\t\t<div class=\"elementor-widget-wrap elementor-element-populated\">\n\t\t\t\t\t\t<div class=\"elementor-element elementor-element-b1d3fda -text-faded elementor-view-default elementor-invisible elementor-widget elementor-widget-icon\" data-id=\"b1d3fda\" data-element_type=\"widget\" data-e-type=\"widget\" data-settings=\"{&quot;_animation&quot;:&quot;flash&quot;}\" data-widget_type=\"icon.default\">\n\t\t\t\t\t\t\t<div class=\"elementor-icon-wrapper\">\n\t\t\t<div class=\"elementor-icon\">\n\t\t\t<svg aria-hidden=\"true\" class=\"e-font-icon-svg e-fas-arrow-down\" viewBox=\"0 0 448 512\" xmlns=\"http:\/\/www.w3.org\/2000\/svg\"><path d=\"M413.1 222.5l22.2 22.2c9.4 9.4 9.4 24.6 0 33.9L241 473c-9.4 9.4-24.6 9.4-33.9 0L12.7 278.6c-9.4-9.4-9.4-24.6 0-33.9l22.2-22.2c9.5-9.5 25-9.3 34.3.4L184 343.4V56c0-13.3 10.7-24 24-24h32c13.3 0 24 10.7 24 24v287.4l114.8-120.5c9.3-9.8 24.8-10 34.3-.4z\"><\/path><\/svg>\t\t\t<\/div>\n\t\t<\/div>\n\t\t\t\t\t\t<\/div>\n\t\t\t\t<div class=\"elementor-element elementor-element-bc22746 elementor-widget elementor-widget-qi_addons_for_elementor_button\" data-id=\"bc22746\" data-element_type=\"widget\" data-e-type=\"widget\" data-widget_type=\"qi_addons_for_elementor_button.default\">\n\t\t\t\t<div class=\"elementor-widget-container\">\n\t\t\t\t\t<a class=\"qodef-shortcode qodef-m qodef-qi-button qodef-html--link qodef-layout--outlined qodef-type--standard qodef-size--large qodef-hover--reveal qodef--reveal-horizontal qodef-icon--right qodef-hover--icon-move-horizontal-short\" href=\"http:\/\/internationalglobalsecurity.fr\/index.php\/contact\/\" target=\"_self\">\n\t<span class=\"qodef-m-text\">Contact<\/span>\n\t\t<span class=\"qodef-m-icon\">\n\t\t<span class=\"qodef-m-icon-inner\">\n\t\t\t\t\t\t\t\t<\/span>\n\t<\/span>\n<\/a>\n\t\t\t\t<\/div>\n\t\t\t\t<\/div>\n\t\t\t\t\t<\/div>\n\t\t<\/div>\n\t\t\t\t\t<\/div>\n\t\t<\/section>\n\t\t\t\t\t<\/div>\n\t\t<\/div>\n\t\t\t\t\t<\/div>\n\t\t<\/section>\n\t\t<div class=\"elementor-element elementor-element-cf7c0f5 e-flex e-con-boxed e-con e-parent\" data-id=\"cf7c0f5\" data-element_type=\"container\" data-e-type=\"container\" data-settings=\"{&quot;background_background&quot;:&quot;classic&quot;}\">\n\t\t\t\t\t<div class=\"e-con-inner\">\n\t\t\t\t<div class=\"elementor-element elementor-element-4f6be72 elementor-widget elementor-widget-heading\" data-id=\"4f6be72\" data-element_type=\"widget\" data-e-type=\"widget\" data-widget_type=\"heading.default\">\n\t\t\t\t\t<h3 class=\"elementor-heading-title elementor-size-default\">INTERNATIONAL GLOBAL SECURITY<\/h3>\t\t\t\t<\/div>\n\t\t\t\t<div class=\"elementor-element elementor-element-d72e6c6 elementor-widget elementor-widget-heading\" data-id=\"d72e6c6\" data-element_type=\"widget\" data-e-type=\"widget\" data-widget_type=\"heading.default\">\n\t\t\t\t\t<h3 class=\"elementor-heading-title elementor-size-default\">CANNES - SAINT TROPEZ- PARIS - MEG\u00c8VE - COURCHEVEL <\/h3>\t\t\t\t<\/div>\n\t\t\t\t<div class=\"elementor-element elementor-element-7d109d4 elementor-widget elementor-widget-heading\" data-id=\"7d109d4\" data-element_type=\"widget\" data-e-type=\"widget\" data-widget_type=\"heading.default\">\n\t\t\t\t\t<p class=\"elementor-heading-title elementor-size-default\"><a href=\"tel:0685614490\">06 85 61 44 90<\/a><\/p>\t\t\t\t<\/div>\n\t\t\t\t<div class=\"elementor-element elementor-element-1383c02 elementor-widget elementor-widget-heading\" data-id=\"1383c02\" data-element_type=\"widget\" data-e-type=\"widget\" data-widget_type=\"heading.default\">\n\t\t\t\t\t<p class=\"elementor-heading-title elementor-size-default\"><a href=\"mailto:contact@internationalglobalservices.com\">contact@internationalglobalservices.com<\/a><\/p>\t\t\t\t<\/div>\n\t\t\t\t<div class=\"elementor-element elementor-element-4661607 elementor-widget__width-initial elementor-widget elementor-widget-text-editor\" data-id=\"4661607\" data-element_type=\"widget\" data-e-type=\"widget\" data-widget_type=\"text-editor.default\">\n\t\t\t\t\t\t\t\t\t<p>45 Chemin des Lys 06370 Mouans Sartoux<\/p>\t\t\t\t\t\t\t\t<\/div>\n\t\t\t\t<div class=\"elementor-element elementor-element-53bdf83 elementor-widget__width-initial elementor-widget elementor-widget-text-editor\" data-id=\"53bdf83\" data-element_type=\"widget\" data-e-type=\"widget\" data-widget_type=\"text-editor.default\">\n\t\t\t\t\t\t\t\t\t<p>Autorisation d&rsquo;exercer : AUT-06-2120-06-02-20210786610 | l&rsquo;autorisation d&rsquo;exercice ne conf\u00e8re aucune pr\u00e9rogative de puissance publique \u00e0 l&rsquo;entreprise ou aux personnes qui en b\u00e9n\u00e9ficient.<\/p>\t\t\t\t\t\t\t\t<\/div>\n\t\t\t\t\t<\/div>\n\t\t\t\t<\/div>\n\t\t\t\t<\/div>\n\t\t","protected":false},"excerpt":{"rendered":"<p>\u00c0 PROPOS Mission Vision La mission de International Global Security est d\u2019offrir des services de s\u00e9curit\u00e9 fiables et adapt\u00e9s aux exigences de chaque client. Nous accompagnons particuliers, professionnels et commerces en mettant en place des dispositifs de protection sur mesure, con\u00e7us pour r\u00e9pondre aux sp\u00e9cificit\u00e9s de chaque situation. Gr\u00e2ce \u00e0 des agents qualifi\u00e9s, une pr\u00e9paration rigoureuse et une vigilance constante, nous veillons \u00e0 garantir la&#8230; <\/p>\n<p class=\"more\"><a class=\"more-link\" href=\"https:\/\/internationalglobalsecurity.fr\/index.php\/apropos\/\">Read More<\/a><\/p>\n","protected":false},"author":1,"featured_media":0,"parent":0,"menu_order":0,"comment_status":"closed","ping_status":"closed","template":"elementor_header_footer","meta":{"inline_featured_image":false,"footnotes":""},"class_list":["post-15958","page","type-page","status-publish","hentry","is-cat-link-borders-light is-cat-link-rounded"],"_links":{"self":[{"href":"https:\/\/internationalglobalsecurity.fr\/index.php\/wp-json\/wp\/v2\/pages\/15958","targetHints":{"allow":["GET"]}}],"collection":[{"href":"https:\/\/internationalglobalsecurity.fr\/index.php\/wp-json\/wp\/v2\/pages"}],"about":[{"href":"https:\/\/internationalglobalsecurity.fr\/index.php\/wp-json\/wp\/v2\/types\/page"}],"author":[{"embeddable":true,"href":"https:\/\/internationalglobalsecurity.fr\/index.php\/wp-json\/wp\/v2\/users\/1"}],"replies":[{"embeddable":true,"href":"https:\/\/internationalglobalsecurity.fr\/index.php\/wp-json\/wp\/v2\/comments?post=15958"}],"version-history":[{"count":113,"href":"https:\/\/internationalglobalsecurity.fr\/index.php\/wp-json\/wp\/v2\/pages\/15958\/revisions"}],"predecessor-version":[{"id":17899,"href":"https:\/\/internationalglobalsecurity.fr\/index.php\/wp-json\/wp\/v2\/pages\/15958\/revisions\/17899"}],"wp:attachment":[{"href":"https:\/\/internationalglobalsecurity.fr\/index.php\/wp-json\/wp\/v2\/media?parent=15958"}],"curies":[{"name":"wp","href":"https:\/\/api.w.org\/{rel}","templated":true}]}}